{"id":222228,"date":"2026-01-29T13:32:37","date_gmt":"2026-01-29T19:32:37","guid":{"rendered":"https:\/\/rancho3m.com\/?post_type=product&#038;p=222228"},"modified":"2026-01-29T13:33:03","modified_gmt":"2026-01-29T19:33:03","slug":"ppgc","status":"publish","type":"product","link":"https:\/\/rancho3m.com\/es\/child\/ppgc\/","title":{"rendered":"PPGC"},"content":{"rendered":"<p>\u00bfQu\u00e9 es lo que m\u00e1s te gusta de la escuela? El laboratorio de computaci\u00f3n.<br \/>\n\u00bfCu\u00e1l es tu pel\u00edcula favorita? El Elegido.<br \/>\n\u00bfCu\u00e1l es tu libro favorito? Alicia en el pa\u00eds de las maravillas.<\/p>","protected":false},"excerpt":{"rendered":"<p>What is something you like about school? Computer lab What&#8230;<\/p>","protected":false},"featured_media":222200,"template":"","meta":{"give_campaign_id":0,"_et_pb_use_builder":"","_et_pb_old_content":"","_et_gb_content_width":""},"product_brand":[],"product_cat":[24],"product_tag":[],"class_list":{"0":"post-222228","1":"product","2":"type-product","3":"status-publish","4":"has-post-thumbnail","6":"product_gender-girl","7":"product_grade-4th-grade","8":"product_cat-uncategorized","10":"first","11":"instock","12":"sold-individually","13":"shipping-taxable","14":"purchasable","15":"product-type-variable-subscription"},"_links":{"self":[{"href":"https:\/\/rancho3m.com\/es\/wp-json\/wp\/v2\/product\/222228","targetHints":{"allow":["GET"]}}],"collection":[{"href":"https:\/\/rancho3m.com\/es\/wp-json\/wp\/v2\/product"}],"about":[{"href":"https:\/\/rancho3m.com\/es\/wp-json\/wp\/v2\/types\/product"}],"wp:featuredmedia":[{"embeddable":true,"href":"https:\/\/rancho3m.com\/es\/wp-json\/wp\/v2\/media\/222200"}],"wp:attachment":[{"href":"https:\/\/rancho3m.com\/es\/wp-json\/wp\/v2\/media?parent=222228"}],"wp:term":[{"taxonomy":"product_brand","embeddable":true,"href":"https:\/\/rancho3m.com\/es\/wp-json\/wp\/v2\/product_brand?post=222228"},{"taxonomy":"product_cat","embeddable":true,"href":"https:\/\/rancho3m.com\/es\/wp-json\/wp\/v2\/product_cat?post=222228"},{"taxonomy":"product_tag","embeddable":true,"href":"https:\/\/rancho3m.com\/es\/wp-json\/wp\/v2\/product_tag?post=222228"}],"curies":[{"name":"wp","href":"https:\/\/api.w.org\/{rel}","templated":true}]}}