{"id":222072,"date":"2026-01-29T13:08:36","date_gmt":"2026-01-29T19:08:36","guid":{"rendered":"https:\/\/rancho3m.com\/?post_type=product&#038;p=222072"},"modified":"2026-01-29T13:09:04","modified_gmt":"2026-01-29T19:09:04","slug":"peac","status":"publish","type":"product","link":"https:\/\/rancho3m.com\/es\/child\/peac\/","title":{"rendered":"PEAC"},"content":{"rendered":"<p>\u00bfQu\u00e9 has aprendido sobre Dios en la escuela? \u00c9l cre\u00f3 la Tierra.<br \/>\n\u00bfQui\u00e9n es tu superh\u00e9roe favorito? Dios.<br \/>\n\u00bfQu\u00e9 es lo que m\u00e1s te gusta de la escuela? Estar con mis amigos.<\/p>","protected":false},"excerpt":{"rendered":"<p>What have you learned about God in school? He created&#8230;<\/p>","protected":false},"featured_media":222063,"template":"","meta":{"give_campaign_id":0,"_et_pb_use_builder":"","_et_pb_old_content":"","_et_gb_content_width":""},"product_brand":[],"product_cat":[24],"product_tag":[],"class_list":{"0":"post-222072","1":"product","2":"type-product","3":"status-publish","4":"has-post-thumbnail","6":"product_gender-girl","7":"product_grade-2nd-grade","8":"product_cat-uncategorized","10":"first","11":"instock","12":"sold-individually","13":"shipping-taxable","14":"purchasable","15":"product-type-variable-subscription"},"_links":{"self":[{"href":"https:\/\/rancho3m.com\/es\/wp-json\/wp\/v2\/product\/222072","targetHints":{"allow":["GET"]}}],"collection":[{"href":"https:\/\/rancho3m.com\/es\/wp-json\/wp\/v2\/product"}],"about":[{"href":"https:\/\/rancho3m.com\/es\/wp-json\/wp\/v2\/types\/product"}],"wp:featuredmedia":[{"embeddable":true,"href":"https:\/\/rancho3m.com\/es\/wp-json\/wp\/v2\/media\/222063"}],"wp:attachment":[{"href":"https:\/\/rancho3m.com\/es\/wp-json\/wp\/v2\/media?parent=222072"}],"wp:term":[{"taxonomy":"product_brand","embeddable":true,"href":"https:\/\/rancho3m.com\/es\/wp-json\/wp\/v2\/product_brand?post=222072"},{"taxonomy":"product_cat","embeddable":true,"href":"https:\/\/rancho3m.com\/es\/wp-json\/wp\/v2\/product_cat?post=222072"},{"taxonomy":"product_tag","embeddable":true,"href":"https:\/\/rancho3m.com\/es\/wp-json\/wp\/v2\/product_tag?post=222072"}],"curies":[{"name":"wp","href":"https:\/\/api.w.org\/{rel}","templated":true}]}}